{"id":427,"date":"2012-10-07T15:32:34","date_gmt":"2012-10-07T13:32:34","guid":{"rendered":"http:\/\/test.azelot.fr\/?page_id=427"},"modified":"2024-09-05T14:58:29","modified_gmt":"2024-09-05T12:58:29","slug":"horaires-de-la-mairie","status":"publish","type":"page","link":"https:\/\/www.azelot.fr\/?page_id=427","title":{"rendered":"Horaires de la mairie"},"content":{"rendered":"<div>\n<div>\n<p>Les horaires d&rsquo;ouverture de la mairie au public sont :<\/p>\n<p style=\"padding-left: 30px;\">mercredi de 17h \u00e0 19h<\/p>\n<p style=\"padding-left: 30px;\">samedi\u00a0\u00a0 de\u00a0\u00a0\u00a0 9h \u00e0 12h<\/p>\n<p>T\u00e9l\u00e9phone : 03.83.46.99.38<\/p>\n<p>Mail : m&#x61;&#x69;r&#x69;&#x65;a&#x7a;&#x65;l&#111;&#x74;&#64;&#119;&#x61;n&#97;&#x64;o&#111;&#x2e;fr<\/p>\n<\/div>\n<\/div>\n","protected":false},"excerpt":{"rendered":"<p>Les horaires d&rsquo;ouverture de la mairie au public sont : mercredi de 17h \u00e0 19h samedi\u00a0\u00a0 de\u00a0\u00a0\u00a0 9h \u00e0 12h T\u00e9l\u00e9phone : 03.83.46.99.38 Mail : m&#x61;i&#114;&#x69;e&#x61;z&#101;&#x6c;o&#x74;&#x40;w&#x61;n&#97;&#x64;o&#x6f;&#x2e;f&#x72;<\/p>\n","protected":false},"author":4,"featured_media":0,"parent":0,"menu_order":0,"comment_status":"open","ping_status":"open","template":"","meta":{"footnotes":""},"class_list":["post-427","page","type-page","status-publish","hentry"],"_links":{"self":[{"href":"https:\/\/www.azelot.fr\/index.php?rest_route=\/wp\/v2\/pages\/427","targetHints":{"allow":["GET"]}}],"collection":[{"href":"https:\/\/www.azelot.fr\/index.php?rest_route=\/wp\/v2\/pages"}],"about":[{"href":"https:\/\/www.azelot.fr\/index.php?rest_route=\/wp\/v2\/types\/page"}],"author":[{"embeddable":true,"href":"https:\/\/www.azelot.fr\/index.php?rest_route=\/wp\/v2\/users\/4"}],"replies":[{"embeddable":true,"href":"https:\/\/www.azelot.fr\/index.php?rest_route=%2Fwp%2Fv2%2Fcomments&post=427"}],"version-history":[{"count":4,"href":"https:\/\/www.azelot.fr\/index.php?rest_route=\/wp\/v2\/pages\/427\/revisions"}],"predecessor-version":[{"id":11346,"href":"https:\/\/www.azelot.fr\/index.php?rest_route=\/wp\/v2\/pages\/427\/revisions\/11346"}],"wp:attachment":[{"href":"https:\/\/www.azelot.fr\/index.php?rest_route=%2Fwp%2Fv2%2Fmedia&parent=427"}],"curies":[{"name":"wp","href":"https:\/\/api.w.org\/{rel}","templated":true}]}}