{"id":2943,"date":"2015-03-30T09:05:57","date_gmt":"2015-03-30T07:05:57","guid":{"rendered":"http:\/\/www.azelot.fr\/?page_id=2943"},"modified":"2019-03-28T15:35:40","modified_gmt":"2019-03-28T14:35:40","slug":"marches-publics","status":"publish","type":"page","link":"https:\/\/www.azelot.fr\/?page_id=2943","title":{"rendered":"March\u00e9s publics"},"content":{"rendered":"<p>Cette page regroupe les documents li\u00e9s aux march\u00e9s publics en cours sur la commune d&rsquo;Azelot.<\/p>\n","protected":false},"excerpt":{"rendered":"<p>Cette page regroupe les documents li\u00e9s aux march\u00e9s publics en cours sur la commune d&rsquo;Azelot.<\/p>\n","protected":false},"author":1,"featured_media":0,"parent":0,"menu_order":0,"comment_status":"open","ping_status":"open","template":"","meta":{"footnotes":""},"class_list":["post-2943","page","type-page","status-publish","hentry"],"_links":{"self":[{"href":"https:\/\/www.azelot.fr\/index.php?rest_route=\/wp\/v2\/pages\/2943","targetHints":{"allow":["GET"]}}],"collection":[{"href":"https:\/\/www.azelot.fr\/index.php?rest_route=\/wp\/v2\/pages"}],"about":[{"href":"https:\/\/www.azelot.fr\/index.php?rest_route=\/wp\/v2\/types\/page"}],"author":[{"embeddable":true,"href":"https:\/\/www.azelot.fr\/index.php?rest_route=\/wp\/v2\/users\/1"}],"replies":[{"embeddable":true,"href":"https:\/\/www.azelot.fr\/index.php?rest_route=%2Fwp%2Fv2%2Fcomments&post=2943"}],"version-history":[{"count":5,"href":"https:\/\/www.azelot.fr\/index.php?rest_route=\/wp\/v2\/pages\/2943\/revisions"}],"predecessor-version":[{"id":8116,"href":"https:\/\/www.azelot.fr\/index.php?rest_route=\/wp\/v2\/pages\/2943\/revisions\/8116"}],"wp:attachment":[{"href":"https:\/\/www.azelot.fr\/index.php?rest_route=%2Fwp%2Fv2%2Fmedia&parent=2943"}],"curies":[{"name":"wp","href":"https:\/\/api.w.org\/{rel}","templated":true}]}}