{"id":11263,"date":"2024-04-02T17:58:51","date_gmt":"2024-04-02T15:58:51","guid":{"rendered":"https:\/\/www.azelot.fr\/?page_id=11263"},"modified":"2024-09-05T14:56:19","modified_gmt":"2024-09-05T12:56:19","slug":"boucs-papiers","status":"publish","type":"page","link":"https:\/\/www.azelot.fr\/?page_id=11263","title":{"rendered":"Journaux Bouc"},"content":{"rendered":"<p>Vous trouverez sur cette page les versions d\u00e9mat\u00e9rialis\u00e9es des journaux d&rsquo;information communale : les journaux \u00ab\u00a0Bouc d&rsquo;Azelot\u00a0\u00bb.<\/p>\n<p>Bonne lecture.<\/p>\n<p>&nbsp;<\/p>\n","protected":false},"excerpt":{"rendered":"<p>Vous trouverez sur cette page les versions d\u00e9mat\u00e9rialis\u00e9es des journaux d&rsquo;information communale : les journaux \u00ab\u00a0Bouc d&rsquo;Azelot\u00a0\u00bb. Bonne lecture. &nbsp;<\/p>\n","protected":false},"author":12,"featured_media":0,"parent":0,"menu_order":0,"comment_status":"closed","ping_status":"closed","template":"","meta":{"footnotes":""},"class_list":["post-11263","page","type-page","status-publish","hentry"],"_links":{"self":[{"href":"https:\/\/www.azelot.fr\/index.php?rest_route=\/wp\/v2\/pages\/11263","targetHints":{"allow":["GET"]}}],"collection":[{"href":"https:\/\/www.azelot.fr\/index.php?rest_route=\/wp\/v2\/pages"}],"about":[{"href":"https:\/\/www.azelot.fr\/index.php?rest_route=\/wp\/v2\/types\/page"}],"author":[{"embeddable":true,"href":"https:\/\/www.azelot.fr\/index.php?rest_route=\/wp\/v2\/users\/12"}],"replies":[{"embeddable":true,"href":"https:\/\/www.azelot.fr\/index.php?rest_route=%2Fwp%2Fv2%2Fcomments&post=11263"}],"version-history":[{"count":3,"href":"https:\/\/www.azelot.fr\/index.php?rest_route=\/wp\/v2\/pages\/11263\/revisions"}],"predecessor-version":[{"id":11345,"href":"https:\/\/www.azelot.fr\/index.php?rest_route=\/wp\/v2\/pages\/11263\/revisions\/11345"}],"wp:attachment":[{"href":"https:\/\/www.azelot.fr\/index.php?rest_route=%2Fwp%2Fv2%2Fmedia&parent=11263"}],"curies":[{"name":"wp","href":"https:\/\/api.w.org\/{rel}","templated":true}]}}