{"id":104,"date":"2012-02-08T16:14:54","date_gmt":"2012-02-08T14:14:54","guid":{"rendered":"http:\/\/test.azelot.fr\/?page_id=104"},"modified":"2025-12-19T13:45:56","modified_gmt":"2025-12-19T12:45:56","slug":"le-conseil-dadministration","status":"publish","type":"page","link":"https:\/\/www.azelot.fr\/?page_id=104","title":{"rendered":"Le conseil d&rsquo;administration de la saison 2023\/2024"},"content":{"rendered":"<h3 class=\"rtecenter\">Le Conseil d&rsquo;Administration de la saison 2025 &#8211; 2026 se compose de :<\/h3>\n<h3>\u00a0 Aline ROLIN, pr\u00e9sidente<\/h3>\n<h3>\u00a0 Philippe LOMBARD, vice-pr\u00e9sident<\/h3>\n<h3>\u00a0 S\u00e9bastien MARQUANT, tr\u00e9sorier<\/h3>\n<h3>\u00a0 Rachel GRIGNON, secr\u00e9taire<\/h3>\n<h3>\u00a0 Ma\u00eft\u00e9 HAUSSMANN, secr\u00e9taire adjointe<\/h3>\n<h3>Les membres sont :<\/h3>\n<h3>\u00a0 Nelly BRASSAC<\/h3>\n<h3>\u00a0 Gilbert CREMEL<\/h3>\n<h3>\u00a0 Mathilde CREMEL<\/h3>\n<h3>\u00a0 Micka\u00ebl HAUSSMANN<\/h3>\n<h3>\u00a0 Virginie PIGUET<\/h3>\n<h3>\u00a0 Manon PR\u00caTRE<\/h3>\n<h3>\u00a0 Tom PR\u00caTRE<\/h3>\n<h3>\u00a0 \u00c9milie SIMONIN<\/h3>\n<h3>\u00a0 Estelle VIGNOL<\/h3>\n<h3>\u00a0 Olivier VILLERMIN<\/h3>\n<h3><\/h3>\n<h3><\/h3>\n<div id=\"hit_a_link_blinkextension_container_mg_mouse_gestures\" style=\"display: none; position: absolute; left: 0px; top: 0px; width: 0px; height: 0px; z-index: 2147483647; background: rgba(0, 0, 0, 0) none repeat scroll 0% 0%;\"><\/div>\n","protected":false},"excerpt":{"rendered":"<p>Le Conseil d&rsquo;Administration de la saison 2025 &#8211; 2026 se compose de : \u00a0 Aline ROLIN, pr\u00e9sidente \u00a0 Philippe LOMBARD, vice-pr\u00e9sident \u00a0 S\u00e9bastien MARQUANT, tr\u00e9sorier \u00a0 Rachel GRIGNON, secr\u00e9taire \u00a0 Ma\u00eft\u00e9 HAUSSMANN, secr\u00e9taire adjointe Les membres sont : \u00a0 Nelly&#8230;<br \/><a class=\"read-more-button\" href=\"https:\/\/www.azelot.fr\/?page_id=104\">Savoir plus<\/a><\/p>\n","protected":false},"author":2,"featured_media":0,"parent":0,"menu_order":0,"comment_status":"open","ping_status":"open","template":"","meta":{"footnotes":""},"class_list":["post-104","page","type-page","status-publish","hentry"],"_links":{"self":[{"href":"https:\/\/www.azelot.fr\/index.php?rest_route=\/wp\/v2\/pages\/104","targetHints":{"allow":["GET"]}}],"collection":[{"href":"https:\/\/www.azelot.fr\/index.php?rest_route=\/wp\/v2\/pages"}],"about":[{"href":"https:\/\/www.azelot.fr\/index.php?rest_route=\/wp\/v2\/types\/page"}],"author":[{"embeddable":true,"href":"https:\/\/www.azelot.fr\/index.php?rest_route=\/wp\/v2\/users\/2"}],"replies":[{"embeddable":true,"href":"https:\/\/www.azelot.fr\/index.php?rest_route=%2Fwp%2Fv2%2Fcomments&post=104"}],"version-history":[{"count":21,"href":"https:\/\/www.azelot.fr\/index.php?rest_route=\/wp\/v2\/pages\/104\/revisions"}],"predecessor-version":[{"id":11615,"href":"https:\/\/www.azelot.fr\/index.php?rest_route=\/wp\/v2\/pages\/104\/revisions\/11615"}],"wp:attachment":[{"href":"https:\/\/www.azelot.fr\/index.php?rest_route=%2Fwp%2Fv2%2Fmedia&parent=104"}],"curies":[{"name":"wp","href":"https:\/\/api.w.org\/{rel}","templated":true}]}}