{"id":102,"date":"2011-04-13T09:04:25","date_gmt":"2011-04-13T07:04:25","guid":{"rendered":"http:\/\/test.azelot.fr\/?page_id=102"},"modified":"2015-11-12T11:31:18","modified_gmt":"2015-11-12T10:31:18","slug":"le-role-du-foyer-rural","status":"publish","type":"page","link":"https:\/\/www.azelot.fr\/?page_id=102","title":{"rendered":"Le r\u00f4le du foyer rural"},"content":{"rendered":"<p>Cr\u00e9\u00e9 en 1989 par son premier pr\u00e9sident Claude DURAND, avec l&rsquo;appui du conseil municipal (celui de l&rsquo;\u00e9poque et de son maire Jean-Claude PISSENEM aussi bien que l&rsquo;actuel dirig\u00e9 par Christian FORGET), le foyer rural d&rsquo;Azelot a l&rsquo;ambition de cr\u00e9er un lien entre les diff\u00e9rents habitants du village.<\/p>\n<p>Pour cela, il organise diff\u00e9rentes activit\u00e9s r\u00e9currentes et organise des manifestations ponctuelles. Celles-ci sont aussi bien sportives (gym, yoga) que culturelles (musique) et s&rsquo;adressent aussi bien aux enfants (apr\u00e8s-midi jeux, carnaval&#8230;) qu&rsquo;aux adultes (club loisir, club \u0153nologie&#8230;).<\/p>\n<p>&nbsp;<\/p>\n","protected":false},"excerpt":{"rendered":"<p>Cr\u00e9\u00e9 en 1989 par son premier pr\u00e9sident Claude DURAND, avec l&rsquo;appui du conseil municipal (celui de l&rsquo;\u00e9poque et de son maire Jean-Claude PISSENEM aussi bien que l&rsquo;actuel dirig\u00e9 par Christian FORGET), le foyer rural d&rsquo;Azelot a l&rsquo;ambition de cr\u00e9er un&#8230;<br \/><a class=\"read-more-button\" href=\"https:\/\/www.azelot.fr\/?page_id=102\">Savoir plus<\/a><\/p>\n","protected":false},"author":2,"featured_media":0,"parent":0,"menu_order":0,"comment_status":"open","ping_status":"open","template":"","meta":{"footnotes":""},"class_list":["post-102","page","type-page","status-publish","hentry"],"_links":{"self":[{"href":"https:\/\/www.azelot.fr\/index.php?rest_route=\/wp\/v2\/pages\/102","targetHints":{"allow":["GET"]}}],"collection":[{"href":"https:\/\/www.azelot.fr\/index.php?rest_route=\/wp\/v2\/pages"}],"about":[{"href":"https:\/\/www.azelot.fr\/index.php?rest_route=\/wp\/v2\/types\/page"}],"author":[{"embeddable":true,"href":"https:\/\/www.azelot.fr\/index.php?rest_route=\/wp\/v2\/users\/2"}],"replies":[{"embeddable":true,"href":"https:\/\/www.azelot.fr\/index.php?rest_route=%2Fwp%2Fv2%2Fcomments&post=102"}],"version-history":[{"count":5,"href":"https:\/\/www.azelot.fr\/index.php?rest_route=\/wp\/v2\/pages\/102\/revisions"}],"predecessor-version":[{"id":3427,"href":"https:\/\/www.azelot.fr\/index.php?rest_route=\/wp\/v2\/pages\/102\/revisions\/3427"}],"wp:attachment":[{"href":"https:\/\/www.azelot.fr\/index.php?rest_route=%2Fwp%2Fv2%2Fmedia&parent=102"}],"curies":[{"name":"wp","href":"https:\/\/api.w.org\/{rel}","templated":true}]}}